{"id":2037,"date":"2019-04-16T12:08:19","date_gmt":"2019-04-16T10:08:19","guid":{"rendered":"https:\/\/www.la-benjamine.com\/?post_type=product&#038;p=2037"},"modified":"2022-01-12T10:29:15","modified_gmt":"2022-01-12T09:29:15","slug":"356-brick","status":"publish","type":"product","link":"https:\/\/www.la-benjamine.com\/en\/produit\/356-brick\/","title":{"rendered":"#356 Brick"},"content":{"rendered":"","protected":false},"excerpt":{"rendered":"<p>Lin d&#8217;ameublement tr\u00e8s r\u00e9sistant et au tomb\u00e9 parfait. Pour des t\u00e2ches, il suffit de frotter l\u00e9g\u00e8rement avec un chiffon humide.<\/p>\n","protected":false},"featured_media":2045,"template":"","meta":{"om_disable_all_campaigns":false},"product_cat":[21],"product_tag":[],"acf":[],"aioseo_notices":[],"_links":{"self":[{"href":"https:\/\/www.la-benjamine.com\/en\/wp-json\/wp\/v2\/product\/2037"}],"collection":[{"href":"https:\/\/www.la-benjamine.com\/en\/wp-json\/wp\/v2\/product"}],"about":[{"href":"https:\/\/www.la-benjamine.com\/en\/wp-json\/wp\/v2\/types\/product"}],"wp:featuredmedia":[{"embeddable":true,"href":"https:\/\/www.la-benjamine.com\/en\/wp-json\/wp\/v2\/media\/2045"}],"wp:attachment":[{"href":"https:\/\/www.la-benjamine.com\/en\/wp-json\/wp\/v2\/media?parent=2037"}],"wp:term":[{"taxonomy":"product_cat","embeddable":true,"href":"https:\/\/www.la-benjamine.com\/en\/wp-json\/wp\/v2\/product_cat?post=2037"},{"taxonomy":"product_tag","embeddable":true,"href":"https:\/\/www.la-benjamine.com\/en\/wp-json\/wp\/v2\/product_tag?post=2037"}],"curies":[{"name":"wp","href":"https:\/\/api.w.org\/{rel}","templated":true}]}}