{"id":2013,"date":"2019-04-16T11:54:30","date_gmt":"2019-04-16T09:54:30","guid":{"rendered":"https:\/\/www.la-benjamine.com\/?post_type=product&#038;p=2013"},"modified":"2022-02-16T16:48:42","modified_gmt":"2022-02-16T15:48:42","slug":"606-mustard-black-copie-copie","status":"publish","type":"product","link":"https:\/\/www.la-benjamine.com\/en\/produit\/606-mustard-black-copie-copie\/","title":{"rendered":"#353 Pink copper"},"content":{"rendered":"","protected":false},"excerpt":{"rendered":"<p>Lin d&#8217;ameublement tr\u00e8s r\u00e9sistant et au tomb\u00e9 parfait. Pour des t\u00e2ches, il suffit de frotter l\u00e9g\u00e8rement avec un chiffon humide.<\/p>\n","protected":false},"featured_media":2017,"template":"","meta":{"om_disable_all_campaigns":false},"product_cat":[97,21],"product_tag":[],"acf":[],"aioseo_notices":[],"_links":{"self":[{"href":"https:\/\/www.la-benjamine.com\/en\/wp-json\/wp\/v2\/product\/2013"}],"collection":[{"href":"https:\/\/www.la-benjamine.com\/en\/wp-json\/wp\/v2\/product"}],"about":[{"href":"https:\/\/www.la-benjamine.com\/en\/wp-json\/wp\/v2\/types\/product"}],"wp:featuredmedia":[{"embeddable":true,"href":"https:\/\/www.la-benjamine.com\/en\/wp-json\/wp\/v2\/media\/2017"}],"wp:attachment":[{"href":"https:\/\/www.la-benjamine.com\/en\/wp-json\/wp\/v2\/media?parent=2013"}],"wp:term":[{"taxonomy":"product_cat","embeddable":true,"href":"https:\/\/www.la-benjamine.com\/en\/wp-json\/wp\/v2\/product_cat?post=2013"},{"taxonomy":"product_tag","embeddable":true,"href":"https:\/\/www.la-benjamine.com\/en\/wp-json\/wp\/v2\/product_tag?post=2013"}],"curies":[{"name":"wp","href":"https:\/\/api.w.org\/{rel}","templated":true}]}}