{"id":591,"date":"2018-01-12T16:26:22","date_gmt":"2018-01-12T15:26:22","guid":{"rendered":"https:\/\/www.la-benjamine-maroquinerie.com\/privacy\/"},"modified":"2018-01-12T16:26:22","modified_gmt":"2018-01-12T15:26:22","slug":"privacy","status":"publish","type":"page","link":"https:\/\/www.la-benjamine.com\/en\/privacy\/","title":{"rendered":"Privacy"},"content":{"rendered":"<p>Le site la-benjamine.com est administr\u00e9 par la soci\u00e9t\u00e9 2A2C France SAS, qui \u00e9dite le site la-benjamine.com et octroie \u00e0 2A2C France SAS le droit de vendre une s\u00e9lection de produits la benjamine sur Internet.<\/p>\n<p>Le site la-benjamine.com n&#8217;est pas destin\u00e9 aux enfants mineurs.<\/p>\n<p><strong>Propri\u00e9t\u00e9 intellectuelle<\/strong><\/p>\n<p>L&#8217;ensemble des \u00e9l\u00e9ments (dessins, mod\u00e8les, illustrations, images, textes, logos, marques&#8230;) constitutifs du site la-benjamine.com est la propri\u00e9t\u00e9 exclusive de 2A2C France SAS. Il vous est interdit de reproduire int\u00e9gralement ou partiellement, par quelque proc\u00e9d\u00e9 que ce soit (\u00e0 l&#8217;exception de ce que pr\u00e9voient express\u00e9ment les pr\u00e9sentes), de distribuer, de publier, de transmettre, de modifier ou de vendre tout ou partie du contenu du site la-benjamine.com, ou de cr\u00e9er des \u0153uvres d\u00e9riv\u00e9es \u00e0 partir de celui-ci.<br \/>\nLa marque &#8220;La benjamine&#8221;,\u00a0est et demeurera la propri\u00e9t\u00e9 exclusive de 2A2C France SAS. Toute reproduction, distribution, transmission, modification ou utilisation de cette marque sans accord express et pr\u00e9alable de 2A2C France SAS, pour quelque motif que ce soit, est interdite.<\/p>\n<p><strong>Absence de garantie<\/strong><\/p>\n<p>2A2C France SAS ne peut garantir et affirmer :<br \/>\n&#8211; que les informations contenues dans le site la-benjamine.com sont exactes, compl\u00e8tes ou \u00e0 jour.<br \/>\nLe site la-benjamine.com peut contenir des impr\u00e9cisions techniques ou d&#8217;autres d\u00e9fauts, 2A2C France SAS ne garantit pas la correction de ces d\u00e9fauts. Le site internet la-benjamine.com et le contenu de ce site sont pr\u00e9sent\u00e9s &#8220;en l&#8217;\u00e9tat&#8221; et &#8220;en fonction des disponibilit\u00e9s&#8221;.<\/p>\n<p>&nbsp;<\/p>\n","protected":false},"excerpt":{"rendered":"<p>Le site la-benjamine.com est administr\u00e9 par la soci\u00e9t\u00e9 2A2C France SAS, qui \u00e9dite le site la-benjamine.com et octroie \u00e0 2A2C France SAS le droit de vendre une s\u00e9lection de produits la benjamine sur Internet. Le site la-benjamine.com n&#8217;est pas destin\u00e9 aux enfants mineurs. Propri\u00e9t\u00e9 intellectuelle L&#8217;ensemble des \u00e9l\u00e9ments (dessins, mod\u00e8les, illustrations, images, textes, logos, marques&#8230;) &hellip; <\/p>\n<p class=\"link-more\"><a href=\"https:\/\/www.la-benjamine.com\/en\/privacy\/\" class=\"more-link\">Continue reading<span class=\"screen-reader-text\"> &#8220;Privacy&#8221;<\/span><\/a><\/p>\n","protected":false},"author":1,"featured_media":0,"parent":0,"menu_order":17,"comment_status":"closed","ping_status":"closed","template":"page-mentions.php","meta":{"om_disable_all_campaigns":false},"acf":[],"aioseo_notices":[],"_links":{"self":[{"href":"https:\/\/www.la-benjamine.com\/en\/wp-json\/wp\/v2\/pages\/591"}],"collection":[{"href":"https:\/\/www.la-benjamine.com\/en\/wp-json\/wp\/v2\/pages"}],"about":[{"href":"https:\/\/www.la-benjamine.com\/en\/wp-json\/wp\/v2\/types\/page"}],"author":[{"embeddable":true,"href":"https:\/\/www.la-benjamine.com\/en\/wp-json\/wp\/v2\/users\/1"}],"replies":[{"embeddable":true,"href":"https:\/\/www.la-benjamine.com\/en\/wp-json\/wp\/v2\/comments?post=591"}],"version-history":[{"count":0,"href":"https:\/\/www.la-benjamine.com\/en\/wp-json\/wp\/v2\/pages\/591\/revisions"}],"wp:attachment":[{"href":"https:\/\/www.la-benjamine.com\/en\/wp-json\/wp\/v2\/media?parent=591"}],"curies":[{"name":"wp","href":"https:\/\/api.w.org\/{rel}","templated":true}]}}