{"id":589,"date":"2018-01-12T16:26:47","date_gmt":"2018-01-12T15:26:47","guid":{"rendered":"https:\/\/www.la-benjamine-maroquinerie.com\/terms\/"},"modified":"2024-11-26T15:13:48","modified_gmt":"2024-11-26T14:13:48","slug":"terms","status":"publish","type":"page","link":"https:\/\/www.la-benjamine.com\/en\/terms\/","title":{"rendered":"Conditions G\u00e9n\u00e9rales de vente"},"content":{"rendered":"<p>Le pr\u00e9sent site Internet <a href=\"https:\/\/www.laredoute.fr\/\">www.la-benjamine.fr<\/a> (le &#8220;<strong>Site Internet<\/strong>&#8220;) est \u00e9dit\u00e9 par la soci\u00e9t\u00e9 2A2C France, Soci\u00e9t\u00e9 par Actions Simplifi\u00e9e au capital de 1000 Euros, dont le si\u00e8ge social est situ\u00e9 Le clos de Coin, 49610 M\u00fbrs Erign\u00e9 immatricul\u00e9e au Registre du Commerce 814 669 081 sous le num\u00e9ro 814 669 081, et dont le num\u00e9ro de TVA intracommunautaire est FR 08814669081. (&#8220;<strong>2A2C France SAS<\/strong>&#8220;)<br \/>\nT\u00e9l\u00e9phone : 0686163209<br \/>\nPour nous contacter par email <a href=\"https:\/\/www.laredoute.fr\/espace-contact-conseiller.aspx\" target=\"_blank\" rel=\"noopener noreferrer\">contact@la-benjamine.com<\/a>.<\/p>\n<h2>01 &#8211; Pr\u00e9ambule<\/h2>\n<p>Les pr\u00e9sentes conditions g\u00e9n\u00e9rales de vente (les &#8220;<strong>Conditions G\u00e9n\u00e9rales<\/strong>&#8220;) sont conclues entre <strong>2A2C France<\/strong> et toute personne physique non commer\u00e7ante (&#8220;<strong>Vous<\/strong>&#8220;) souhaitant effectuer un achat sur le Site Internet.<\/p>\n<p>Les pr\u00e9sentes Conditions G\u00e9n\u00e9rales r\u00e9gissent exclusivement votre relation avec 2A2C France.<\/p>\n<p>2A2C France se r\u00e9serve le droit de modifier \u00e0 tout moment les Conditions G\u00e9n\u00e9rales. Elles seront alors applicables d\u00e8s leur mise en ligne.<\/p>\n<h2>02 &#8211; Produits<\/h2>\n<p>Les produits r\u00e9gis par les pr\u00e9sentes Conditions G\u00e9n\u00e9rales sont ceux qui figurent sur le Site Internet et qui sont indiqu\u00e9s comme vendus et exp\u00e9di\u00e9s par 2A2C France (les &#8220;<strong>Produits<\/strong>&#8220;). Ils sont propos\u00e9s disponibles ou sur commandes.<\/p>\n<p>Les caract\u00e9ristiques essentielles des Produits sont d\u00e9crites et pr\u00e9sent\u00e9es avec la plus grande exactitude possible.<\/p>\n<h2>03 &#8211; Prix<\/h2>\n<p>Les prix des Produits sont indiqu\u00e9s en Euros toutes taxes comprises. Ils tiennent compte de la TVA et des \u00e9ventuelles r\u00e9ductions applicables au jour de la commande.<\/p>\n<p>Les prix des Produits s&#8217;entendent hors frais de livraison (port, emballage et confection du colis selon montants en vigueur). Le montant des frais de livraison sera pr\u00e9cis\u00e9 avant validation de la commande.<\/p>\n<p>Si une ou plusieurs taxes ou contributions, notamment environnementales, venaient \u00e0 \u00eatre cr\u00e9\u00e9es ou modifi\u00e9es, en hausse comme en baisse, ce changement pourra \u00eatre r\u00e9percut\u00e9 sur le prix de vente des Produits pr\u00e9sents sur le Site Internet et sur les diff\u00e9rents supports de vente.<\/p>\n<p>Toutefois, un prix ne pourra pas \u00eatre modifi\u00e9 une fois votre commande valid\u00e9e. N\u00e9anmoins en cas d\u2019erreur de prix (prix manifestement d\u00e9risoire par rapport \u00e0 la valeur r\u00e9elle du Produit), la commande valid\u00e9e pourra \u00eatre annul\u00e9e par 2A2C France. Cette mesure demeure exceptionnelle.<\/p>\n<h2>04 &#8211; Commande<\/h2>\n<p class=\"titleNiv2\">\u00a0Enregistrement et validation de la commande<\/p>\n<p>Vous avez la possibilit\u00e9 de passer votre commande en ligne\u00a0\u00e0 partir de la boutique en ligne;<br \/>\nUne fois votre panier valid\u00e9, Vous devrez choisir l&#8217;adresse et le mode de livraison, et valider votre moyen de paiement, cette derni\u00e8re \u00e9tape formalisant le contrat de vente avec 2A2C France SAS.<\/p>\n<p>Toute commande vaut acceptation des prix et descriptions des Produits disponibles \u00e0 la vente.<\/p>\n<p>2A2C France accusera r\u00e9ception de votre commande d\u00e8s sa validation en vous envoyant un email dans lequel vous trouverez notamment un lien vers les pr\u00e9sentes Conditions G\u00e9n\u00e9rales.<\/p>\n<p>Dans certains cas, notamment pour d\u00e9faut de paiement, adresse erron\u00e9e ou tout autre probl\u00e8me li\u00e9 \u00e0 votre compte,2A2C France se r\u00e9serve le droit de bloquer votre commande jusqu&#8217;\u00e0 la r\u00e9solution du probl\u00e8me.<\/p>\n<p>En cas d&#8217;indisponibilit\u00e9 d&#8217;un Produit command\u00e9, vous en serez inform\u00e9 par email. L&#8217;annulation de la commande de ce Produit et son \u00e9ventuel remboursement (seuls les Produits disponibles au moment de la commande peuvent faire l&#8217;objet d&#8217;un pr\u00e9l\u00e8vement, par opposition aux Produits diff\u00e9r\u00e9s), seront alors effectu\u00e9s, le reste de la commande demeurant ferme et d\u00e9finitif.<\/p>\n<p>Pour toute question relative au suivi d&#8217;une commande, Vous pouvez consulter votre compte sur le Site Internet ou contactez nous par email contact@la-benjamine.com<\/p>\n<h2>05 &#8211; Modalit\u00e9s de paiement<\/h2>\n<p><strong>Vous pouvez r\u00e9gler votre commande\u00a0<\/strong><strong>par carte bancaire<\/strong> : Carte Bleue, e-carte bleue, Visa, Mastercard, carte American Express. En cas de Produits \u00e9puis\u00e9s ou indisponibles, le montant de ces Produits ne sera pas d\u00e9bit\u00e9 ou sera rembours\u00e9.<\/p>\n<h2>06 &#8211; Livraison<\/h2>\n<p>Il vous est demand\u00e9 de choisir le mode d&#8217;exp\u00e9dition que vous pr\u00e9f\u00e9rez dans le cadre de la proc\u00e9dure de commande.<br \/>\nLes co\u00fbts d&#8217;exp\u00e9dition sont calcul\u00e9s en fonction des produits de votre commande, du service de livraison et du pays de livraison que vous choisissez.Les d\u00e9lais de services indiqu\u00e9s ci-apr\u00e8s ne sont pas garantis pendant certaines p\u00e9riodes de fortes activit\u00e9s, telles les p\u00e9riodes de soldes,<\/p>\n<p>&#8211; <strong>\u00ab Colissimo \u00bb<\/strong> Pour une livraison en France, les frais de port varient en fonction du mod\u00e8le choisi, entre 4 et 7\u20ac.<br \/>\nLe d\u00e9lai de\u00a0livraison est de 48h \u00e0 72 h ouvr\u00e9es en France (une fois le colis exp\u00e9di\u00e9).<br \/>\nPour une livraison en Europe, les frais de port\u00a0varient en fonction de la destination, \u00e0 partir de 10 euros. Le d\u00e9lai de livraison est de 3 \u00e0 5 jours ouvr\u00e9s.<br \/>\nPour une livraison hors Europe, les frais de port varient en fonction de la destination, \u00e0 partir de 25 euros. Le d\u00e9lai de livraison est de 3 \u00e0 15 jours ouvr\u00e9s en fonction de la destination.<\/p>\n<p>&#8211;<strong>\u00ab TNT\u00bb<\/strong>Livraison express- TNT garantit une livraison en 24h ouvr\u00e9es en France si commande pass\u00e9e avant 12h.<br \/>\nTarif unique de 15 euros.<br \/>\nSi le destinataire est absent lors de la livraison, le colis sera d\u00e9pos\u00e9 dans un point relais TNT agr\u00e9\u00e9.<br \/>\nPour une livraison en Europe, le d\u00e9lai de livraison est de 48h.<br \/>\nPour une livraison Hors Europe, le d\u00e9lai est de 3 \u00e0 5 jours ouvr\u00e9s.<br \/>\nEurope et Hors Europe, les frais de port sont variables.<br \/>\nLes Produits sur-mesure, les Produits brod\u00e9s et personnalis\u00e9s et les cadeaux gratuits demand\u00e9s sans commande seront uniquement livr\u00e9s \u00e0 votre domicile (France continentale, Corse et Monaco uniquement), en 8 \u00e0 18 jours \u00e0 partir de l&#8217;exp\u00e9dition.<\/p>\n<h2>07 &#8211; Retour des Produits<\/h2>\n<p><strong>7.1. Exercice du droit de r\u00e9tractation<\/strong><\/p>\n<p>Vous disposez d&#8217;un droit de r\u00e9traction de quatorze (14) jours calendaires \u00e0 compter de la date de r\u00e9ception ou de retrait de l&#8217;ensemble de votre commande.<\/p>\n<p>Pendant ces d\u00e9lais, Vous pourrez retourner les Produits non endommag\u00e9s, sans avoir \u00e0 justifier de motifs, ni \u00e0 payer de p\u00e9nalit\u00e9. En cas de Produits re\u00e7us endommag\u00e9s, la proc\u00e9dure de l\u2019article 7.3 s\u2019appliquera.<\/p>\n<p>Tous les Produits peuvent faire l&#8217;objet d&#8217;une r\u00e9tractation, except\u00e9 ceux exclus par la loi \u00e0 l&#8217;article L221-28 du Code de la consommation, par exemple les Produits ayant fait l&#8217;objet d&#8217;une personnalisation sur votre demande.<\/p>\n<p>Les Produits retourn\u00e9s doivent \u00eatre intacts et complets et ne doivent pas avoir fait l&#8217;objet d&#8217;un port prolong\u00e9.<\/p>\n<p>Pour exercer votre droit de r\u00e9tractation, Vous pouvez effectuer toute d\u00e9claration d\u00e9nu\u00e9e d&#8217;ambigu\u00eft\u00e9 indiquant votre intention de retourner le Produit \u00e0 2A2C France .<\/p>\n<p>2A2C France accusera r\u00e9ception de votre r\u00e9tractation, par email.<\/p>\n<p>Vous devez ensuite retourner les Produits \u00e0 2A2C France, au plus tard dans les quatorze (14) jours suivant votre r\u00e9tractation, soit :<br \/>\n&#8211; par La Poste \u00e0 l&#8217;adresse suivante : Logisseo (la benjamine) 29-30 boulevard Gaston Birg\u00e9 49100 Angers. Les frais de retour via La Poste sont \u00e0 votre charge (\u00e0 l&#8217;exception d&#8217;un Produit d\u00e9fectueux \u00e0 r\u00e9ception, ou d&#8217;une erreur de 2A2C France lors de l&#8217;envoi du Produit).<\/p>\n<p>2A2C France s&#8217;engage \u00e0 vous rembourser la totalit\u00e9 des sommes vers\u00e9es \u00e0 la r\u00e9ception du Produit dans ses entrep\u00f4ts.<\/p>\n<p>2A2C France vous remboursera les Produits retourn\u00e9s, sous r\u00e9serve du respect des conditions ci-dessus mentionn\u00e9es, ainsi que les frais de livraison standard \u00ab aller \u00bb de ces derniers si Vous retournez l&#8217;ensemble de votre commande. Les frais de livraison \u00ab aller \u00bb avec suppl\u00e9ments sont rembours\u00e9s dans la limite des frais de livraison standard.<\/p>\n<p>Si Vous ne retournez pas l&#8217;int\u00e9gralit\u00e9 de votre commande et conservez un ou des Produits command\u00e9s, le montant des frais de livraison &#8220;aller&#8221; ne sera pas rembours\u00e9 par 2A2C France.<\/p>\n<p>Le remboursement sera effectu\u00e9 via le moyen de paiement utilis\u00e9 lors de la commande retourn\u00e9e.<\/p>\n<p>Ainsi, par exemple, si la commande de Produits a \u00e9t\u00e9 r\u00e9gl\u00e9e par :<br \/>\n&#8211; Carte Bleue, et que votre Carte Bleue est encore valide, le remboursement sera effectu\u00e9 sur le compte attach\u00e9 \u00e0 cette Carte Bleue.<\/p>\n<p><strong>7.2. Echange<\/strong><\/p>\n<p>Vous avez \u00e9galement la possibilit\u00e9 de demander un \u00e9change, dans le d\u00e9lai de quatorze (14) jours \u00e0 compter de la r\u00e9ception du Produit.<\/p>\n<p>Pour rappel, les frais de port retour sont \u00e0 votre charge.<\/p>\n<p><strong>7.3. Cas particulier d\u2019un Produit non conforme<\/strong><br \/>\n2A2C France vous conseille de contr\u00f4ler le Produit au moment de sa livraison et dans le cas o\u00f9 le Produit livr\u00e9 serait non conforme (erreur de Produit, Produit d\u00e9fectueux, endommag\u00e9 ou incomplet), de faire des r\u00e9serves \u00e9crites au plus tard dans les trois (3) jours suivant cette livraison, aupr\u00e8s de 2A2C France.<\/p>\n<p>Dans tous les cas, les dispositions \u00e9nonc\u00e9es \u00e0 l\u2019article 8.1 sur les garanties l\u00e9gales s\u2019appliqueront. Ainsi, le Produit livr\u00e9 non conforme ne pourra faire l\u2019objet, dans un premier temps, que d\u2019un remplacement ou d\u2019une r\u00e9paration. N\u00e9anmoins, si le nouveau Produit re\u00e7u ne vous convenait pas, Vous pourrez exercer, le cas \u00e9ch\u00e9ant, votre droit de r\u00e9tractation dans le d\u00e9lai restant \u00e0 courir.<\/p>\n<p>Pour les Produits signal\u00e9s non conformes dans les trois (3) jours de la livraison, 2A2C France vous permet n\u00e9anmoins d\u2019exercer votre droit de r\u00e9tractation et d\u2019obtenir le remboursement du Produit en application des dispositions de l\u2019article 7.1, sans passer par la r\u00e9paration ou le remplacement, tels que pr\u00e9vus par la garantie l\u00e9gale de conformit\u00e9.<\/p>\n<h2>08 &#8211; Garanties<\/h2>\n<p><strong>8.1. Garanties L\u00e9gales<\/strong><\/p>\n<p>Tous les Produits en vente sur le Site Internet b\u00e9n\u00e9ficient de la garantie l\u00e9gale de conformit\u00e9 (articles L217-1 et suivant du Code de la consommation) et de la garantie contre les vices cach\u00e9s (articles 1641 et suivants du Code civil), vous permettant de renvoyer les Produits livr\u00e9s d\u00e9fectueux ou non conformes.<\/p>\n<p>Vous \u00eates inform\u00e9 que la soci\u00e9t\u00e9 2A2C France, dont le si\u00e8ge social est Clos de Coin, 49610 M\u00fbrs Erign\u00e9 est le garant de la conformit\u00e9 des Produits au contrat dans le cadre de ces deux garanties l\u00e9gales.<\/p>\n<ul>\n<li style=\"list-style-type: none;\">\n<ul>Vous disposez d\u2019un d\u00e9lai de deux ans \u00e0 compter de la d\u00e9livrance du Produit pour agir en application de la garantie l\u00e9gale de conformit\u00e9.<\/ul>\n<\/li>\n<\/ul>\n<p>&nbsp;<\/p>\n<ul>\n<li style=\"list-style-type: none;\">\n<ul>Dans ce cas, vous pourrez choisir entre la r\u00e9paration ou le remplacement du Produit, sous r\u00e9serve des conditions de co\u00fbt pr\u00e9vues par l\u2019article L217-9 du Code de la consommation.<\/ul>\n<\/li>\n<\/ul>\n<p>&nbsp;<\/p>\n<ul>\n<li style=\"list-style-type: none;\">\n<ul>Pour les contrats conclus \u00e0 compter du 18 mars 2016, Vous \u00eates dispens\u00e9 de rapporter la preuve de l\u2019existence du d\u00e9faut de conformit\u00e9 du Produit durant les vingt-quatre (24) mois suivant la d\u00e9livrance du Produit. Pour les contrats conclus ant\u00e9rieurement, le d\u00e9faut est pr\u00e9sum\u00e9 pendant six (6) mois.<\/ul>\n<\/li>\n<\/ul>\n<p>&nbsp;<\/p>\n<ul>\n<li style=\"list-style-type: none;\">\n<ul>Il est rappel\u00e9 que la garantie l\u00e9gale de conformit\u00e9 s\u2019applique ind\u00e9pendamment de l\u2019\u00e9ventuelle garantie commerciale qui pourrait vous \u00eatre consentie par le fabricant ou 2A2C France.<\/ul>\n<\/li>\n<\/ul>\n<p>&nbsp;<\/p>\n<ul>Par ailleurs, Vous pouvez d\u00e9cider de mettre en \u0153uvre la garantie contre les d\u00e9fauts cach\u00e9s de la chose vendue au sens de l\u2019article 1641 du Code civil. Dans cette hypoth\u00e8se, Vous pourrez choisir entre la r\u00e9solution de la vente ou une r\u00e9duction du prix de vente conform\u00e9ment \u00e0 l\u2019article 1644 du Code civil.<\/ul>\n<p><em>&#8211; Article L217-4 du Code de la consommation : Le vendeur livre un bien conforme au contrat et r\u00e9pond des d\u00e9fauts de conformit\u00e9 existant lors de la d\u00e9livrance. Il r\u00e9pond \u00e9galement des d\u00e9fauts de conformit\u00e9 r\u00e9sultant de l&#8217;emballage, des instructions de montage ou de l&#8217;installation lorsque celle-ci a \u00e9t\u00e9 mise \u00e0 sa charge par le contrat ou a \u00e9t\u00e9 r\u00e9alis\u00e9e sous sa responsabilit\u00e9.<\/em><\/p>\n<p><em>&#8211; Article L217-5 du Code de la consommation : Le bien est conforme au contrat :<\/em><br \/>\n<em>1. S\u2019il est propre \u00e0 l&#8217;usage habituellement attendu d&#8217;un bien semblable et, le cas \u00e9ch\u00e9ant :<br \/>\n&#8211; s\u2019il correspond \u00e0 la description donn\u00e9e par le vendeur et poss\u00e8de les qualit\u00e9s que celui-ci a pr\u00e9sent\u00e9es \u00e0 l&#8217;acheteur sous forme d&#8217;\u00e9chantillon ou de mod\u00e8le ;<br \/>\n&#8211; s\u2019il pr\u00e9sente les qualit\u00e9s qu&#8217;un acheteur peut l\u00e9gitimement attendre eu \u00e9gard aux d\u00e9clarations publiques faites par le vendeur, par le producteur ou par son repr\u00e9sentant, notamment dans la publicit\u00e9 ou l&#8217;\u00e9tiquetage ;<\/em><br \/>\n<em>2. Ou s\u2019il pr\u00e9sente les caract\u00e9ristiques d\u00e9finies d&#8217;un commun accord par les parties ou est propre \u00e0 tout usage sp\u00e9cial recherch\u00e9 par l&#8217;acheteur, port\u00e9 \u00e0 la connaissance du vendeur et que ce dernier a accept\u00e9.<\/em><\/p>\n<p><em>&#8211; Article L217-12 du Code de la consommation : L&#8217;action r\u00e9sultant du d\u00e9faut de conformit\u00e9 se prescrit par deux ans \u00e0 compter de la d\u00e9livrance du bien.<\/em><\/p>\n<p><em>&#8211; Article L217-16 du Code de la consommation : Lorsque l&#8217;acheteur demande au vendeur, pendant le cours de la garantie commerciale qui lui a \u00e9t\u00e9 consentie lors de l&#8217;acquisition ou de la r\u00e9paration d&#8217;un bien meuble, une remise en \u00e9tat couverte par la garantie, toute p\u00e9riode d&#8217;immobilisation d&#8217;au moins sept jours vient s&#8217;ajouter \u00e0 la dur\u00e9e de la garantie qui restait \u00e0 courir. Cette p\u00e9riode court \u00e0 compter de la demande d&#8217;intervention de l&#8217;acheteur ou de la mise \u00e0 disposition pour r\u00e9paration du bien en cause, si cette mise \u00e0 disposition est post\u00e9rieure \u00e0 la demande d&#8217;intervention.<\/em><\/p>\n<p><em>&#8211; Article 1641 du Code civil : Le vendeur est tenu de la garantie \u00e0 raison des d\u00e9fauts cach\u00e9s de la chose vendue qui la rendent impropre \u00e0 l&#8217;usage auquel on la destine, ou qui diminuent tellement cet usage, que l&#8217;acheteur ne l&#8217;aurait pas acquise, ou n&#8217;en aurait donn\u00e9 qu&#8217;un moindre prix, s&#8217;il les avait connus.<\/em><\/p>\n<p><em>&#8211; Article 1648 al 1er du Code civil : L&#8217;action r\u00e9sultant des vices r\u00e9dhibitoires doit \u00eatre intent\u00e9e par l&#8217;acqu\u00e9reur dans un d\u00e9lai de deux ans \u00e0 compter de la d\u00e9couverte du vice.<\/em><\/p>\n<h2>10 &#8211; M\u00e9diation<\/h2>\n<p>En cas de r\u00e9clamation non r\u00e9solue amiablement par le Service Clients, et conform\u00e9ment \u00e0 l\u2019article L612-1 du Code de la Consommation, le Client peut recourir gratuitement au service de m\u00e9diation MEDICYS, auquel 2A2C France est adh\u00e9rent, par voie \u00e9lectronique \u00e0 l\u2019adresse https:\/\/app.medicys.fr\/ ou par voie postale\u00a0: MEDICYS \u2013 73 boulevard de Clichy \u2013 75009 Paris. Le Service du m\u00e9diateur peut \u00eatre saisi pour tout litige de consommation dont le r\u00e8glement n&#8217;aurait pas abouti.<\/p>\n<h2>11 &#8211; Preuves<\/h2>\n<p>Dans tous les cas, la fourniture en ligne du num\u00e9ro de carte bancaire et la validation finale de la commande vaudront preuve de l&#8217;int\u00e9gralit\u00e9 de ladite commande conform\u00e9ment \u00e0 l&#8217;article 1366 du Code civil et vaudront exigibilit\u00e9 des sommes engag\u00e9es par la saisie des Produits figurant sur le bon de commande.<\/p>\n<p>Cette validation vaut signature et acception expresse de toutes les op\u00e9rations effectu\u00e9es sur le Site Internet. Toutefois, en cas d&#8217;utilisation frauduleuse de votre carte bancaire, Vous \u00eates invit\u00e9, d\u00e8s le constat de cette utilisation, \u00e0 contacter le Service Client contact@la-benjamine.com<\/p>\n<p>Les registres informatis\u00e9s, conserv\u00e9s dans les syst\u00e8mes informatiques de 2A2C France et de ses partenaires dans des conditions raisonnables de s\u00e9curit\u00e9, seront consid\u00e9r\u00e9s comme des preuves des communications, des commandes et des paiements intervenus entre Vous et 2A2C France.<\/p>\n<p>L&#8217;archivage des bons de commande et des factures est effectu\u00e9 sur un support fiable et durable de mani\u00e8re \u00e0 correspondre \u00e0 une copie fid\u00e8le et durable conform\u00e9ment \u00e0 l&#8217;article 1379 du Code civil.<\/p>\n<h2>12 &#8211; Responsabilit\u00e9s<\/h2>\n<p>2A2C France a pour toutes les \u00e9tapes de prise de commande ainsi que pour les \u00e9tapes post\u00e9rieures \u00e0 la conclusion du contrat une obligation de r\u00e9sultat.<\/p>\n<p>Ainsi 2A2C France s&#8217;engage \u00e0 d\u00e9crire avec la plus grande exactitude les Produits vendus sur le Site Internet. En revanche, la responsabilit\u00e9 de 2A2C France ne pourra \u00eatre engag\u00e9e dans le cas o\u00f9 l&#8217;inex\u00e9cution de ses obligations serait imputable soit au fait impr\u00e9visible et insurmontable d&#8217;un tiers au contrat soit \u00e0 un cas de force majeure telle que d\u00e9finie par la jurisprudence fran\u00e7aise. De m\u00eame, la responsabilit\u00e9 de 2A2C France ne saurait \u00eatre engag\u00e9e pour tous les inconv\u00e9nients ou dommages inh\u00e9rents \u00e0 l&#8217;utilisation du r\u00e9seau Internet, notamment une rupture de service, une intrusion ext\u00e9rieure ou la pr\u00e9sence de virus informatiques.<\/p>\n<h2>13 &#8211; Informations nominatives<\/h2>\n<p>Lors de votre commande, les donn\u00e9es nominatives collect\u00e9es feront l&#8217;objet d&#8217;un traitement informatique. Vous \u00eates invit\u00e9 \u00e0 vous reporter \u00e0 l&#8217;onglet <a href=\"https:\/\/www.laredoute.fr\/espace-mentions_legales.aspx\">&#8220;Donn\u00e9es Personnelles&#8221;<\/a> du Site Internet pour obtenir toutes les informations relatives \u00e0 ce point.<\/p>\n<h2>14 &#8211; Loi applicable et comp\u00e9tence juridictionnelle<\/h2>\n<p>Les Conditions G\u00e9n\u00e9rales sont soumises \u00e0 la loi fran\u00e7aise. Le tribunal comp\u00e9tent en cas de litige sera soit celui de l\u2019une des juridictions territorialement comp\u00e9tentes en vertu du code de proc\u00e9dure civile, soit la juridiction du lieu o\u00f9 il demeurait au moment de la conclusion du contrat ou de la survenance du fait dommageable.<\/p>\n<p>Le Site Internet est conforme \u00e0 la l\u00e9gislation fran\u00e7aise, et en aucun cas, 2A2C France ne donne de garantie de conformit\u00e9 \u00e0 la l\u00e9gislation locale qui vous serait applicable, d\u00e8s lors que Vous acc\u00e9dez au Site Internet \u00e0 partir d&#8217;autres pays.<\/p>\n<a class=\"wt-cli-manage-consent-link\">Modifier mes choix<\/a>\n","protected":false},"excerpt":{"rendered":"<p>Le pr\u00e9sent site Internet www.la-benjamine.fr (le &#8220;Site Internet&#8220;) est \u00e9dit\u00e9 par la soci\u00e9t\u00e9 2A2C France, Soci\u00e9t\u00e9 par Actions Simplifi\u00e9e au capital de 1000 Euros, dont le si\u00e8ge social est situ\u00e9 Le clos de Coin, 49610 M\u00fbrs Erign\u00e9 immatricul\u00e9e au Registre du Commerce 814 669 081 sous le num\u00e9ro 814 669 081, et dont le num\u00e9ro &hellip; <\/p>\n<p class=\"link-more\"><a href=\"https:\/\/www.la-benjamine.com\/en\/terms\/\" class=\"more-link\">Continue reading<span class=\"screen-reader-text\"> &#8220;Conditions G\u00e9n\u00e9rales de vente&#8221;<\/span><\/a><\/p>\n","protected":false},"author":1,"featured_media":0,"parent":0,"menu_order":16,"comment_status":"closed","ping_status":"closed","template":"page-mentions.php","meta":{"om_disable_all_campaigns":false},"acf":[],"aioseo_notices":[],"_links":{"self":[{"href":"https:\/\/www.la-benjamine.com\/en\/wp-json\/wp\/v2\/pages\/589"}],"collection":[{"href":"https:\/\/www.la-benjamine.com\/en\/wp-json\/wp\/v2\/pages"}],"about":[{"href":"https:\/\/www.la-benjamine.com\/en\/wp-json\/wp\/v2\/types\/page"}],"author":[{"embeddable":true,"href":"https:\/\/www.la-benjamine.com\/en\/wp-json\/wp\/v2\/users\/1"}],"replies":[{"embeddable":true,"href":"https:\/\/www.la-benjamine.com\/en\/wp-json\/wp\/v2\/comments?post=589"}],"version-history":[{"count":2,"href":"https:\/\/www.la-benjamine.com\/en\/wp-json\/wp\/v2\/pages\/589\/revisions"}],"predecessor-version":[{"id":40818,"href":"https:\/\/www.la-benjamine.com\/en\/wp-json\/wp\/v2\/pages\/589\/revisions\/40818"}],"wp:attachment":[{"href":"https:\/\/www.la-benjamine.com\/en\/wp-json\/wp\/v2\/media?parent=589"}],"curies":[{"name":"wp","href":"https:\/\/api.w.org\/{rel}","templated":true}]}}