{"id":4080,"date":"2020-03-27T14:09:27","date_gmt":"2020-03-27T13:09:27","guid":{"rendered":"https:\/\/www.la-benjamine.com\/atelier\/"},"modified":"2020-03-27T16:12:16","modified_gmt":"2020-03-27T15:12:16","slug":"atelier","status":"publish","type":"page","link":"https:\/\/www.la-benjamine.com\/en\/atelier\/","title":{"rendered":"Atelier"},"content":{"rendered":"<p>Depuis sa cr\u00e9ation, La benjamine est fid\u00e8le au m\u00eame atelier tunisien. Leur savoir-faire nous impressionne et la proximit\u00e9 du bureau nous permet de veiller au grain quotidiennement. Proximit\u00e9 aussi avec tous les artisans que nous sommes fiers de vous pr\u00e9senter.<\/p>\n","protected":false},"excerpt":{"rendered":"<p>Depuis sa cr\u00e9ation, La benjamine est fid\u00e8le au m\u00eame atelier tunisien. Leur savoir-faire nous impressionne et la proximit\u00e9 du bureau nous permet de veiller au grain quotidiennement. Proximit\u00e9 aussi avec tous les artisans que nous sommes fiers de vous pr\u00e9senter.<\/p>\n","protected":false},"author":1,"featured_media":0,"parent":0,"menu_order":19,"comment_status":"closed","ping_status":"closed","template":"page-atelier.php","meta":{"om_disable_all_campaigns":false},"acf":[],"aioseo_notices":[],"_links":{"self":[{"href":"https:\/\/www.la-benjamine.com\/en\/wp-json\/wp\/v2\/pages\/4080"}],"collection":[{"href":"https:\/\/www.la-benjamine.com\/en\/wp-json\/wp\/v2\/pages"}],"about":[{"href":"https:\/\/www.la-benjamine.com\/en\/wp-json\/wp\/v2\/types\/page"}],"author":[{"embeddable":true,"href":"https:\/\/www.la-benjamine.com\/en\/wp-json\/wp\/v2\/users\/1"}],"replies":[{"embeddable":true,"href":"https:\/\/www.la-benjamine.com\/en\/wp-json\/wp\/v2\/comments?post=4080"}],"version-history":[{"count":1,"href":"https:\/\/www.la-benjamine.com\/en\/wp-json\/wp\/v2\/pages\/4080\/revisions"}],"predecessor-version":[{"id":4081,"href":"https:\/\/www.la-benjamine.com\/en\/wp-json\/wp\/v2\/pages\/4080\/revisions\/4081"}],"wp:attachment":[{"href":"https:\/\/www.la-benjamine.com\/en\/wp-json\/wp\/v2\/media?parent=4080"}],"curies":[{"name":"wp","href":"https:\/\/api.w.org\/{rel}","templated":true}]}}